{"id":3242,"date":"2024-05-13T04:35:24","date_gmt":"2024-05-13T08:35:24","guid":{"rendered":"https:\/\/julieberube.ca\/?page_id=3242"},"modified":"2024-05-13T04:48:45","modified_gmt":"2024-05-13T08:48:45","slug":"politique-de-confidentialite","status":"publish","type":"page","link":"https:\/\/julieberube.ca\/fr\/politique-de-confidentialite\/","title":{"rendered":"Politique de confidentialit\u00e9"},"content":{"rendered":"<p>Derni\u00e8re mise \u00e0 jour : 13\/05\/2024<\/p>\n<p><strong>1. Introduction<br \/>\n<\/strong>Bienvenue sur julieberube.ca (le \u00ab Site \u00bb). Chez Julie B\u00e9rub\u00e9 (la \u00ab Compagnie \u00bb) , nous sommes engag\u00e9s \u00e0 prot\u00e9ger votre vie priv\u00e9e et \u00e0 respecter les lois sur la protection des renseignements personnels en vigueur. Cette politique de confidentialit\u00e9 (la \u00ab Politique \u00bb) explique comment nous collectons, utilisons, divulguons et prot\u00e9geons vos renseignements personnels lorsque vous utilisez notre Site.<\/p>\n<p><strong>2. Collecte de Renseignements Personnels<br \/>\n<\/strong>Nous pouvons collecter les types de renseignements personnels suivants lorsque vous utilisez notre Site :<\/p>\n<ul>\n<li>Informations d\u2019identification (par exemple, nom, pr\u00e9nom, adresse postale, adresse \u00e9lectronique, num\u00e9ro de t\u00e9l\u00e9phone).<\/li>\n<li>Informations de connexion (par exemple, adresses IP, informations de connexion, type de navigateur, fuseau horaire, emplacement, donn\u00e9es sur la mani\u00e8re dont vous interagissez avec le Site).<\/li>\n<li>Autres informations que vous choisissez de nous fournir (par exemple, commentaires, questions, pr\u00e9f\u00e9rences de communication).<\/li>\n<\/ul>\n<p><strong>3. Cookies<\/strong><\/p>\n<p><strong>3.1 D\u00e9finition<br \/>\n<\/strong>Un cookie est un petit fichier de donn\u00e9es texte qui est stock\u00e9 sur l\u2019ordinateur ou le dispositif de l\u2019utilisateur par un site web qu\u2019il visite. Les cookies sont utilis\u00e9s pour collecter des informations sur les activit\u00e9s de navigation de l\u2019utilisateur, telles que les pr\u00e9f\u00e9rences, les param\u00e8tres de connexion, les habitudes de navigation, et d\u2019autres donn\u00e9es similaires. Ces informations peuvent \u00eatre utilis\u00e9es pour personnaliser l\u2019exp\u00e9rience de l\u2019utilisateur sur un site web, suivre son comportement en ligne, et permettre certaines fonctionnalit\u00e9s, comme le maintien de la session de connexion.<\/p>\n<p><strong>3.2 Cat\u00e9gories de cookies<\/strong><\/p>\n<ol>\n<li aria-level=\"3\"><strong>N\u00e9cessaires<\/strong><br \/>\nLes cookies n\u00e9cessaires sont cruciaux pour les fonctions de base du site Web et celui-ci ne fonctionnera pas comme pr\u00e9vu sans eux. Ces cookies ne stockent aucune donn\u00e9e personnellement identifiable.<\/li>\n<li aria-level=\"3\"><strong>Performance<\/strong><br \/>\nLes cookies de performance sont utilis\u00e9s pour comprendre et analyser les indices de performance cl\u00e9s du site Web, ce qui permet de fournir une meilleure exp\u00e9rience utilisateur aux visiteurs.<\/li>\n<li aria-level=\"3\"><strong>Personnalisation<\/strong><br \/>\nCes t\u00e9moins nous permettent de m\u00e9moriser vos pr\u00e9f\u00e9rences et de personnaliser les contenus qui vous sont propos\u00e9s en fonction de votre navigation et de vos choix ant\u00e9rieurs.<\/li>\n<li aria-level=\"3\"><strong>Publicit\u00e9<\/strong><br \/>\nLes cookies de publicit\u00e9 sont utilis\u00e9s pour fournir aux visiteurs des publicit\u00e9s personnalis\u00e9es bas\u00e9es sur les pages visit\u00e9es pr\u00e9c\u00e9demment et analyser l\u2019efficacit\u00e9 de la campagne publicitaire.<\/li>\n<\/ol>\n<p><strong>3.3 Activer\/d\u00e9sactiver et supprimer les cookies<\/strong><br \/>\nVous avez la possibilit\u00e9 d\u2019utiliser votre navigateur web pour supprimer automatiquement ou manuellement les cookies. Vous pouvez \u00e9galement sp\u00e9cifier que certains cookies ne doivent pas \u00eatre enregistr\u00e9s. Une autre option consiste \u00e0 modifier les param\u00e8tres de votre navigateur web afin de recevoir une notification chaque fois qu\u2019un cookie est plac\u00e9. Pour obtenir de plus amples informations concernant ces options, veuillez consulter les instructions dans la section d\u2019aide de votre navigateur.<\/p>\n<p>Veuillez noter que notre site web pourrait ne pas fonctionner correctement si tous les cookies sont d\u00e9sactiv\u00e9s. Si vous supprimez les cookies dans votre navigateur, ils seront r\u00e9install\u00e9s apr\u00e8s votre consentement lorsque vous revisitez notre site web<\/p>\n<p><strong>4. Utilisation de Renseignements Personnels<br \/>\n<\/strong>Nous utilisons les renseignements personnels collect\u00e9s pour les finalit\u00e9s suivantes :<\/p>\n<ul>\n<li>Fournir et g\u00e9rer notre Site.<\/li>\n<li>R\u00e9pondre \u00e0 vos demandes, commentaires ou questions.<\/li>\n<li>Personnaliser votre exp\u00e9rience sur notre Site.<\/li>\n<li>Vous fournir des informations, des offres ou des promotions sur nos produits ou services (avec votre consentement, le cas \u00e9ch\u00e9ant).<\/li>\n<li>Remplir nos obligations l\u00e9gales et r\u00e9glementaires.<\/li>\n<\/ul>\n<p><strong>5. Partage de Renseignements Personnels<br \/>\n<\/strong>Nous pouvons partager vos renseignements personnels avec les tiers suivants :<\/p>\n<ul>\n<li>Fournisseurs de services tiers qui nous aident \u00e0 exploiter notre Site et \u00e0 fournir nos services.<\/li>\n<li>Autorit\u00e9s gouvernementales ou organismes de r\u00e9glementation pour nous conformer \u00e0 nos obligations l\u00e9gales et r\u00e9glementaires.<\/li>\n<li>Dans le cadre de fusions, acquisitions ou autres transactions commerciales, si vos renseignements personnels font partie de l\u2019actif transf\u00e9r\u00e9.<\/li>\n<\/ul>\n<p><strong>6. Protection des Renseignements Personnels<br \/>\n<\/strong>Nous prenons des mesures raisonnables pour prot\u00e9ger vos renseignements personnels contre la perte, l\u2019utilisation abusive, l\u2019acc\u00e8s non autoris\u00e9, la divulgation, la modification ou la destruction.<\/p>\n<p>Toutes les donn\u00e9es sont conserv\u00e9es sur des serveurs dot\u00e9s de syst\u00e8mes de haute s\u00e9curit\u00e9, prot\u00e9g\u00e9s contre l\u2019acc\u00e8s par des personnes non autoris\u00e9es et les utilisations malveillantes. De plus, seules les personnes (employ\u00e9s ou mandataires) devant avoir acc\u00e8s aux renseignements dans le cadre de leurs fonctions y ont acc\u00e8s.<\/p>\n<p><strong>7. Hyperliens ext\u00e9rieurs affich\u00e9s sur notre site<br \/>\n<\/strong>Le Site peut comprendre des liens vers des sites Web exploit\u00e9s par des tiers. En cliquant sur ces liens, vous quittez le Site. La Compagnie n\u2019exerce aucun contr\u00f4le sur l\u2019exploitation de ces sites Web et le fait qu\u2019ils soient r\u00e9pertori\u00e9s sur notre Site n\u2019engage d\u2019aucune fa\u00e7on la responsabilit\u00e9 de la Compagnie . Toutes les informations personnelles que vous transmettez par l\u2019interm\u00e9diaire de ces sites seront sujettes \u00e0 la politique de protection des informations personnelles de ces derniers.<\/p>\n<p><strong>8. Vos Droits<br \/>\n<\/strong>Vous avez certains droits en ce qui concerne vos renseignements personnels, notamment le droit d\u2019acc\u00e9der, de corriger, de supprimer et de limiter l\u2019utilisation de vos renseignements personnels. Vous pouvez \u00e9galement vous opposer au traitement de vos renseignements personnels \u00e0 des fins de marketing direct. Pour exercer ces droits, veuillez nous contacter \u00e0\u00a0<a href=\"mailto:julie.berube@uqo.ca\">julie.berube@uqo.ca<\/a>.<\/p>\n<p><strong>9. Modifications de la Politique<br \/>\n<\/strong>Nous pouvons mettre \u00e0 jour cette Politique de temps \u00e0 autre pour refl\u00e9ter les changements dans nos pratiques de traitement des renseignements personnels. La version la plus r\u00e9cente de la Politique sera toujours disponible sur notre Site.<\/p>\n<p><strong>10. Nous Contacter<br \/>\n<\/strong>Si vous avez des questions, des pr\u00e9occupations ou des demandes concernant cette Politique, veuillez nous contacter \u00e0 :<\/p>\n<p><strong>Julie B\u00e9rub\u00e9<\/strong><\/p>\n<p>283, boulevard Alexandre-Tach\u00e9, C.P. 1250, succursale Hull, Gatineau (Qu\u00e9bec) Canada, J8X 3X7<br \/>\n<a href=\"mailto:julie.berube@uqo.ca\">julie.berube@uqo.ca<\/a><br \/>\n819 595-3900, poste 1917<\/p>\n","protected":false},"excerpt":{"rendered":"<p>Derni\u00e8re mise \u00e0 jour : 13\/05\/2024 1. Introduction Bienvenue sur julieberube.ca (le \u00ab Site \u00bb). Chez Julie B\u00e9rub\u00e9 (la \u00ab Compagnie \u00bb) , nous sommes engag\u00e9s \u00e0 prot\u00e9ger votre vie priv\u00e9e et \u00e0 respecter les lois sur la protection des renseignements personnels en vigueur. Cette politique de confidentialit\u00e9 (la \u00ab Politique \u00bb) explique comment nous [&hellip;]<\/p>\n","protected":false},"author":1,"featured_media":0,"parent":0,"menu_order":0,"comment_status":"closed","ping_status":"closed","template":"","meta":{"_acf_changed":false,"inline_featured_image":false,"_monsterinsights_skip_tracking":false,"_monsterinsights_sitenote_active":false,"_monsterinsights_sitenote_note":"","_monsterinsights_sitenote_category":0,"footnotes":""},"class_list":["post-3242","page","type-page","status-publish","hentry"],"acf":[],"_links":{"self":[{"href":"https:\/\/julieberube.ca\/fr\/wp-json\/wp\/v2\/pages\/3242","targetHints":{"allow":["GET"]}}],"collection":[{"href":"https:\/\/julieberube.ca\/fr\/wp-json\/wp\/v2\/pages"}],"about":[{"href":"https:\/\/julieberube.ca\/fr\/wp-json\/wp\/v2\/types\/page"}],"author":[{"embeddable":true,"href":"https:\/\/julieberube.ca\/fr\/wp-json\/wp\/v2\/users\/1"}],"replies":[{"embeddable":true,"href":"https:\/\/julieberube.ca\/fr\/wp-json\/wp\/v2\/comments?post=3242"}],"version-history":[{"count":5,"href":"https:\/\/julieberube.ca\/fr\/wp-json\/wp\/v2\/pages\/3242\/revisions"}],"predecessor-version":[{"id":3249,"href":"https:\/\/julieberube.ca\/fr\/wp-json\/wp\/v2\/pages\/3242\/revisions\/3249"}],"wp:attachment":[{"href":"https:\/\/julieberube.ca\/fr\/wp-json\/wp\/v2\/media?parent=3242"}],"curies":[{"name":"wp","href":"https:\/\/api.w.org\/{rel}","templated":true}]}}